{"id":4920,"date":"2023-05-22T13:03:53","date_gmt":"2023-05-22T12:03:53","guid":{"rendered":"https:\/\/els-solutions.com\/cms\/dev\/?page_id=4920"},"modified":"2023-06-27T16:05:52","modified_gmt":"2023-06-27T15:05:52","slug":"thanks","status":"publish","type":"page","link":"https:\/\/els-solutions.com\/es\/thanks\/","title":{"rendered":"Gracias!"},"content":{"rendered":"<p><\/p>\n<p style=\"text-align: center;\">Su comunicaci\u00f3n es sumamente importante para nosotros y agradecemos que haya tomado el tiempo para contactarnos. Mientras trabajamos en responder a su consulta, le invitamos a explorar nuestro sitio web para obtener m\u00e1s informaci\u00f3n sobre nuestros servicios y lo que ofrecemos. Creemos que le proporcionar\u00e1 informaci\u00f3n valiosa que le permitir\u00e1 comprender mejor nuestra experiencia.<\/p>\n<p>[fusion_content_boxes layout=\u00bbicon-on-top\u00bb columns=\u00bb3&#8243; icon_align=\u00bbleft\u00bb animation_direction=\u00bbleft\u00bb animation_speed=\u00bb1.0&#8243; animation_delay=\u00bb500&#8243; hide_on_mobile=\u00bbsmall-visibility,medium-visibility,large-visibility\u00bb heading_size=\u00bb2&#8243; iconspin=\u00bbno\u00bb icon_size=\u00bb24&#8243; margin_top=\u00bb30px\u00bb margin_bottom=\u00bb0px\u00bb][fusion_content_box title=\u00bbSede de Europa\u00bb icon=\u00bbfusion-prefix-icon-accountant-map\u00bb linktext=\u00bbRead More\u00bb animation_direction=\u00bbleft\u00bb animation_speed=\u00bb0.3&#8243;]<\/p>\n<p>Rua dos Ciprestes n\u00ba 48, Piso 2<br \/>\nEdificio de Oficinas en Estoril<br \/>\n<span style=\"color: var(--awb-color8); background-color: rgba(255, 255, 255, 0); font-family: var(--body_typography-font-family); font-size: var(--body_typography-font-size); font-style: var(--body_typography-font-style,normal); font-weight: var(--body_typography-font-weight); letter-spacing: var(--body_typography-letter-spacing);\">2765-623 Estoril<br \/>\n<\/span><span style=\"color: var(--awb-color8); background-color: rgba(255, 255, 255, 0); font-family: var(--body_typography-font-family); font-size: var(--body_typography-font-size); font-style: var(--body_typography-font-style,normal); font-weight: var(--body_typography-font-weight); letter-spacing: var(--body_typography-letter-spacing);\">Portugal<\/span><\/p>\n<p>[\/fusion_content_box][fusion_content_box title=\u00bbSede LATAM\u00bb icon=\u00bbfusion-prefix-icon-accountant-map\u00bb linktext=\u00bbRead More\u00bb animation_direction=\u00bbleft\u00bb animation_speed=\u00bb0.3&#8243;]<\/p>\n<p>Alameda Santos, 2441<br \/>\nConjunto 62<br \/>\nCEP 01419-101 S\u00e3o Paulo<br \/>\nBrasil<\/p>\n<p>[\/fusion_content_box][fusion_content_box title=\u00bbContactos\u00bb icon=\u00bbfusion-prefix-icon-accountant-mail\u00bb linktext=\u00bbRead More\u00bb animation_direction=\u00bbleft\u00bb animation_speed=\u00bb0.3&#8243;]<\/p>\n<p>Tel\u00e9fono: +351 21 452 50 38<br \/>\nCorreo electr\u00f3nico: info@elssolutions.pt<\/p>\n<p>[\/fusion_content_box][\/fusion_content_boxes]<\/p>\n","protected":false},"excerpt":{"rendered":"","protected":false},"author":9,"featured_media":0,"parent":0,"menu_order":0,"comment_status":"closed","ping_status":"closed","template":"100-width.php","meta":{"footnotes":""},"class_list":["post-4920","page","type-page","status-publish","hentry"],"yoast_head":"<!-- This site is optimized with the Yoast SEO plugin v23.4 - https:\/\/yoast.com\/wordpress\/plugins\/seo\/ -->\n<title>ELS Solutions - Gracias por contactarnos<\/title>\n<meta name=\"description\" content=\"Valoramos su inter\u00e9s en ELS Solutions y nos aseguraremos de ponernos en contacto con usted lo antes posible.\" \/>\n<meta name=\"robots\" content=\"noindex, follow, max-snippet:-1, max-image-preview:large, max-video-preview:-1\" \/>\n<meta property=\"og:locale\" content=\"es_ES\" \/>\n<meta property=\"og:type\" content=\"article\" \/>\n<meta property=\"og:title\" content=\"ELS Solutions - Gracias por contactarnos\" \/>\n<meta property=\"og:description\" content=\"Valoramos su inter\u00e9s en ELS Solutions y nos aseguraremos de ponernos en contacto con usted lo antes posible.\" \/>\n<meta property=\"og:url\" content=\"https:\/\/els-solutions.com\/es\/thanks\/\" \/>\n<meta property=\"og:site_name\" content=\"ELS Group - Accelerating Innovation\" \/>\n<meta property=\"article:publisher\" content=\"https:\/\/www.facebook.com\/els.solutions\/\" \/>\n<meta property=\"article:modified_time\" content=\"2023-06-27T15:05:52+00:00\" \/>\n<meta name=\"twitter:card\" content=\"summary_large_image\" \/>\n<meta name=\"twitter:label1\" content=\"Tiempo de lectura\" \/>\n\t<meta name=\"twitter:data1\" content=\"3 minutos\" \/>\n<script type=\"application\/ld+json\" class=\"yoast-schema-graph\">{\"@context\":\"https:\/\/schema.org\",\"@graph\":[{\"@type\":\"WebPage\",\"@id\":\"https:\/\/els-solutions.com\/es\/thanks\/\",\"url\":\"https:\/\/els-solutions.com\/es\/thanks\/\",\"name\":\"ELS Solutions - Gracias por contactarnos\",\"isPartOf\":{\"@id\":\"https:\/\/els-solutions.com\/es\/#website\"},\"datePublished\":\"2023-05-22T12:03:53+00:00\",\"dateModified\":\"2023-06-27T15:05:52+00:00\",\"description\":\"Valoramos su inter\u00e9s en ELS Solutions y nos aseguraremos de ponernos en contacto con usted lo antes posible.\",\"breadcrumb\":{\"@id\":\"https:\/\/els-solutions.com\/es\/thanks\/#breadcrumb\"},\"inLanguage\":\"es\",\"potentialAction\":[{\"@type\":\"ReadAction\",\"target\":[\"https:\/\/els-solutions.com\/es\/thanks\/\"]}]},{\"@type\":\"BreadcrumbList\",\"@id\":\"https:\/\/els-solutions.com\/es\/thanks\/#breadcrumb\",\"itemListElement\":[{\"@type\":\"ListItem\",\"position\":1,\"name\":\"In\u00edcio\",\"item\":\"https:\/\/els-solutions.com\/es\/\"},{\"@type\":\"ListItem\",\"position\":2,\"name\":\"Gracias!\"}]},{\"@type\":\"WebSite\",\"@id\":\"https:\/\/els-solutions.com\/es\/#website\",\"url\":\"https:\/\/els-solutions.com\/es\/\",\"name\":\"ELS Group - Accelerating Innovation\",\"description\":\"Assessoria estrat\u00e9gia para a Ind\u00fastria Farmac\u00eautica\",\"publisher\":{\"@id\":\"https:\/\/els-solutions.com\/es\/#organization\"},\"potentialAction\":[{\"@type\":\"SearchAction\",\"target\":{\"@type\":\"EntryPoint\",\"urlTemplate\":\"https:\/\/els-solutions.com\/es\/?s={search_term_string}\"},\"query-input\":{\"@type\":\"PropertyValueSpecification\",\"valueRequired\":true,\"valueName\":\"search_term_string\"}}],\"inLanguage\":\"es\"},{\"@type\":\"Organization\",\"@id\":\"https:\/\/els-solutions.com\/es\/#organization\",\"name\":\"ELS Group - Accelerating Innovation\",\"url\":\"https:\/\/els-solutions.com\/es\/\",\"logo\":{\"@type\":\"ImageObject\",\"inLanguage\":\"es\",\"@id\":\"https:\/\/els-solutions.com\/es\/#\/schema\/logo\/image\/\",\"url\":\"https:\/\/els-solutions.com\/cms\/wp-content\/uploads\/2023\/08\/ELS-NewLogo-ColorBlack-1-e1691153715735.png\",\"contentUrl\":\"https:\/\/els-solutions.com\/cms\/wp-content\/uploads\/2023\/08\/ELS-NewLogo-ColorBlack-1-e1691153715735.png\",\"width\":2226,\"height\":1080,\"caption\":\"ELS Group - Accelerating Innovation\"},\"image\":{\"@id\":\"https:\/\/els-solutions.com\/es\/#\/schema\/logo\/image\/\"},\"sameAs\":[\"https:\/\/www.facebook.com\/els.solutions\/\"]}]}<\/script>\n<!-- \/ Yoast SEO plugin. -->","yoast_head_json":{"title":"ELS Solutions - Gracias por contactarnos","description":"Valoramos su inter\u00e9s en ELS Solutions y nos aseguraremos de ponernos en contacto con usted lo antes posible.","robots":{"index":"noindex","follow":"follow","max-snippet":"max-snippet:-1","max-image-preview":"max-image-preview:large","max-video-preview":"max-video-preview:-1"},"og_locale":"es_ES","og_type":"article","og_title":"ELS Solutions - Gracias por contactarnos","og_description":"Valoramos su inter\u00e9s en ELS Solutions y nos aseguraremos de ponernos en contacto con usted lo antes posible.","og_url":"https:\/\/els-solutions.com\/es\/thanks\/","og_site_name":"ELS Group - Accelerating Innovation","article_publisher":"https:\/\/www.facebook.com\/els.solutions\/","article_modified_time":"2023-06-27T15:05:52+00:00","twitter_card":"summary_large_image","twitter_misc":{"Tiempo de lectura":"3 minutos"},"schema":{"@context":"https:\/\/schema.org","@graph":[{"@type":"WebPage","@id":"https:\/\/els-solutions.com\/es\/thanks\/","url":"https:\/\/els-solutions.com\/es\/thanks\/","name":"ELS Solutions - Gracias por contactarnos","isPartOf":{"@id":"https:\/\/els-solutions.com\/es\/#website"},"datePublished":"2023-05-22T12:03:53+00:00","dateModified":"2023-06-27T15:05:52+00:00","description":"Valoramos su inter\u00e9s en ELS Solutions y nos aseguraremos de ponernos en contacto con usted lo antes posible.","breadcrumb":{"@id":"https:\/\/els-solutions.com\/es\/thanks\/#breadcrumb"},"inLanguage":"es","potentialAction":[{"@type":"ReadAction","target":["https:\/\/els-solutions.com\/es\/thanks\/"]}]},{"@type":"BreadcrumbList","@id":"https:\/\/els-solutions.com\/es\/thanks\/#breadcrumb","itemListElement":[{"@type":"ListItem","position":1,"name":"In\u00edcio","item":"https:\/\/els-solutions.com\/es\/"},{"@type":"ListItem","position":2,"name":"Gracias!"}]},{"@type":"WebSite","@id":"https:\/\/els-solutions.com\/es\/#website","url":"https:\/\/els-solutions.com\/es\/","name":"ELS Group - Accelerating Innovation","description":"Assessoria estrat\u00e9gia para a Ind\u00fastria Farmac\u00eautica","publisher":{"@id":"https:\/\/els-solutions.com\/es\/#organization"},"potentialAction":[{"@type":"SearchAction","target":{"@type":"EntryPoint","urlTemplate":"https:\/\/els-solutions.com\/es\/?s={search_term_string}"},"query-input":{"@type":"PropertyValueSpecification","valueRequired":true,"valueName":"search_term_string"}}],"inLanguage":"es"},{"@type":"Organization","@id":"https:\/\/els-solutions.com\/es\/#organization","name":"ELS Group - Accelerating Innovation","url":"https:\/\/els-solutions.com\/es\/","logo":{"@type":"ImageObject","inLanguage":"es","@id":"https:\/\/els-solutions.com\/es\/#\/schema\/logo\/image\/","url":"https:\/\/els-solutions.com\/cms\/wp-content\/uploads\/2023\/08\/ELS-NewLogo-ColorBlack-1-e1691153715735.png","contentUrl":"https:\/\/els-solutions.com\/cms\/wp-content\/uploads\/2023\/08\/ELS-NewLogo-ColorBlack-1-e1691153715735.png","width":2226,"height":1080,"caption":"ELS Group - Accelerating Innovation"},"image":{"@id":"https:\/\/els-solutions.com\/es\/#\/schema\/logo\/image\/"},"sameAs":["https:\/\/www.facebook.com\/els.solutions\/"]}]}},"_links":{"self":[{"href":"https:\/\/els-solutions.com\/es\/wp-json\/wp\/v2\/pages\/4920","targetHints":{"allow":["GET"]}}],"collection":[{"href":"https:\/\/els-solutions.com\/es\/wp-json\/wp\/v2\/pages"}],"about":[{"href":"https:\/\/els-solutions.com\/es\/wp-json\/wp\/v2\/types\/page"}],"author":[{"embeddable":true,"href":"https:\/\/els-solutions.com\/es\/wp-json\/wp\/v2\/users\/9"}],"replies":[{"embeddable":true,"href":"https:\/\/els-solutions.com\/es\/wp-json\/wp\/v2\/comments?post=4920"}],"version-history":[{"count":0,"href":"https:\/\/els-solutions.com\/es\/wp-json\/wp\/v2\/pages\/4920\/revisions"}],"wp:attachment":[{"href":"https:\/\/els-solutions.com\/es\/wp-json\/wp\/v2\/media?parent=4920"}],"curies":[{"name":"wp","href":"https:\/\/api.w.org\/{rel}","templated":true}]}}