{"id":3740,"date":"2022-06-08T17:14:58","date_gmt":"2022-06-08T16:14:58","guid":{"rendered":"https:\/\/www.els-solutions.com\/termos-e-condicoes\/"},"modified":"2023-11-29T17:08:08","modified_gmt":"2023-11-29T17:08:08","slug":"terminos-y-condiciones","status":"publish","type":"page","link":"https:\/\/www.els-solutions.com\/es\/terminos-y-condiciones\/","title":{"rendered":"T\u00e9rminos y Condiciones"},"content":{"rendered":"<div class=\"fusion-fullwidth fullwidth-box fusion-builder-row-1 fusion-flex-container nonhundred-percent-fullwidth non-hundred-percent-height-scrolling\" style=\"--awb-border-radius-top-left:0px;--awb-border-radius-top-right:0px;--awb-border-radius-bottom-right:0px;--awb-border-radius-bottom-left:0px;--awb-flex-wrap:wrap;\" ><div class=\"fusion-builder-row fusion-row fusion-flex-align-items-flex-start fusion-flex-content-wrap\" style=\"max-width:1310.4px;margin-left: calc(-4% \/ 2 );margin-right: calc(-4% \/ 2 );\"><div class=\"fusion-layout-column fusion_builder_column fusion-builder-column-0 fusion_builder_column_1_6 1_6 fusion-flex-column\" style=\"--awb-bg-size:cover;--awb-width-large:16.666666666667%;--awb-margin-top-large:20px;--awb-spacing-right-large:11.52%;--awb-margin-bottom-large:20px;--awb-spacing-left-large:11.52%;--awb-width-medium:16.666666666667%;--awb-order-medium:0;--awb-spacing-right-medium:11.52%;--awb-spacing-left-medium:11.52%;--awb-width-small:100%;--awb-order-small:0;--awb-spacing-right-small:1.92%;--awb-spacing-left-small:1.92%;\"><div class=\"fusion-column-wrapper fusion-column-has-shadow fusion-flex-justify-content-flex-start fusion-content-layout-column\"><\/div><\/div><div class=\"fusion-layout-column fusion_builder_column fusion-builder-column-1 fusion_builder_column_2_3 2_3 fusion-flex-column\" style=\"--awb-bg-size:cover;--awb-width-large:66.666666666667%;--awb-margin-top-large:20px;--awb-spacing-right-large:2.88%;--awb-margin-bottom-large:20px;--awb-spacing-left-large:2.88%;--awb-width-medium:66.666666666667%;--awb-order-medium:0;--awb-spacing-right-medium:2.88%;--awb-spacing-left-medium:2.88%;--awb-width-small:100%;--awb-order-small:0;--awb-spacing-right-small:1.92%;--awb-spacing-left-small:1.92%;\"><div class=\"fusion-column-wrapper fusion-column-has-shadow fusion-flex-justify-content-flex-start fusion-content-layout-column\"><div class=\"fusion-text fusion-text-1\"><p>Estos t\u00e9rminos y condiciones rigen el uso del sitio web de ELS SOLUTIONS GDIA &#8211; UNIPESSOAL LDA (https:\/\/els-solutions.com\/).<br \/>\nEl acceso a este sitio web, as\u00ed como su uso, implica la aceptaci\u00f3n de todas las cl\u00e1usulas contenidas en los presentes t\u00e9rminos y condiciones que podr\u00e1n, en cualquier momento, ser alteradas unilateralmente por ELS SOLUTIONS GDIA &#8211; UNIPESSOAL LDA. Es responsabilidad del usuario o de quien acceda al sitio web la lectura atenta y completa de los t\u00e9rminos y condiciones vigentes cada vez que acceda o utilice el sitio web.<\/p>\n<\/div><div class=\"fusion-title title fusion-title-1 fusion-sep-none fusion-title-text fusion-title-size-four\"><h4 class=\"fusion-title-heading title-heading-left fusion-responsive-typography-calculated\" style=\"margin:0;--fontSize:24;--minFontSize:24;line-height:1.42;\"><h4>1. Informaci\u00f3n General<\/h4><\/h4><\/div><div class=\"fusion-text fusion-text-2\"><p>ELS SOLUTIONS GDIA &#8211; UNIPESSOAL LDA, sociedad mercantil unipersonal, con domicilio en Rua de S\u00e3o Jos\u00e9, N\u00ba 35 &#8211; 3\u00ba A, Edif\u00edcio Libersil, Torre B L 1150-321 Lisboa, Portugal, inscrita en el Registro Mercantil de Lisboa con el n\u00famero 513185470 (en adelante, \u201cELS Solutions\u201d).<\/p>\n<\/div><div class=\"fusion-title title fusion-title-2 fusion-sep-none fusion-title-text fusion-title-size-four\"><h4 class=\"fusion-title-heading title-heading-left fusion-responsive-typography-calculated\" style=\"margin:0;--fontSize:24;--minFontSize:24;line-height:1.42;\"><h4>2. Nociones Previas<\/h4><\/h4><\/div><div class=\"fusion-text fusion-text-3\"><p>i. Contenido &#8211; Toda la informaci\u00f3n a disposici\u00f3n del usuario, en el \u00e1mbito del sitio web, en cualquier formato (texto, im\u00e1genes, videos, audio, entre otros).<br \/>\nii. Sitio web \u2013 conjunto de p\u00e1ginas web, en formato html, propiedad y registradas a nombre de ELS SOLUTIONS GDIA &#8211; UNIPESSOAL LDA, accesibles a trav\u00e9s de computadora, tel\u00e9fono m\u00f3vil, tableta o cualquier otro medio electr\u00f3nico.<br \/>\niii. Usuario \u2013 la(s) persona(s) o empresa(s) que accede(n) y\/o utiliza(n) el sitio web de ELS Solutions (https:\/\/els-solutions.com\/) por computadora, tel\u00e9fono m\u00f3vil, tableta o cualquier otro medio electr\u00f3nico.<\/p>\n<\/div><div class=\"fusion-title title fusion-title-3 fusion-sep-none fusion-title-text fusion-title-size-four\"><h4 class=\"fusion-title-heading title-heading-left fusion-responsive-typography-calculated\" style=\"margin:0;--fontSize:24;--minFontSize:24;line-height:1.42;\"><h4>3. Condiciones generales de uso<\/h4><\/h4><\/div><div class=\"fusion-text fusion-text-4\"><p>El uso del sitio web de ELS Solutions deber\u00e1 ajustarse al contenido de los presentes T\u00e9rminos y Condiciones, la legislaci\u00f3n aplicable, y siempre guiado por la buena fe y las buenas costumbres.<br \/>\nSalvo previa y expresa autorizaci\u00f3n de ELS Solutions, los usuarios no podr\u00e1n realizar ning\u00fan acto que, directa o indirectamente, implique su explotaci\u00f3n comercial.<br \/>\nEl usuario, en el acceso y uso del sitio web, deber\u00e1 abstenerse de cometer actos considerados il\u00edcitos por la legislaci\u00f3n vigente. Ser\u00e1n responsables de las conductas o actos que, de cualquier forma, puedan ser considerados il\u00edcitos o lesivos de los derechos e intereses de terceros, pudiendo, en particular, impedir o limitar el uso del sitio web a terceros. Los usuarios tambi\u00e9n ser\u00e1n responsables de los da\u00f1os y perjuicios que ELS Solutions sufra, debido a la acci\u00f3n directa o indirecta del usuario, que incumpla la normativa aplicable y los t\u00e9rminos y condiciones de este sitio web. ELS Solutions tiene el derecho de prohibir el acceso y uso del sitio al usuario en caso de incumplimiento de las reglas aqu\u00ed establecidas, sin previo aviso.<\/p>\n<\/div><div class=\"fusion-title title fusion-title-4 fusion-sep-none fusion-title-text fusion-title-size-four\"><h4 class=\"fusion-title-heading title-heading-left fusion-responsive-typography-calculated\" style=\"margin:0;--fontSize:24;--minFontSize:24;line-height:1.42;\"><h4>4. Propiedad Intelectual<\/h4><\/h4><\/div><div class=\"fusion-text fusion-text-5\"><p>El uso del sitio web, as\u00ed como el uso de su contenido, no implica ni otorga al usuario ninguna licencia o derecho de propiedad intelectual sobre el contenido del sitio web. Estos t\u00e9rminos de uso no otorgan el derecho de uso de las marcas o logotipos utilizados en el sitio. El usuario deber\u00e1 abstenerse de suprimir, ocultar o alterar cualquier aviso legal expuesto en el sitio web.<br \/>\nLos derechos de propiedad de todos los contenidos del sitio pertenecen en exclusiva a ELS SOLUTIONS GDIA &#8211; UNIPESSOAL LDA La reproducci\u00f3n y\/o publicaci\u00f3n total o parcial del sitio, su tratamiento inform\u00e1tico, su distribuci\u00f3n, su comunicaci\u00f3n p\u00fablica o su modificaci\u00f3n o transformaci\u00f3n, sin la autorizaci\u00f3n previa y por escrito de ELS Solutions, est\u00e1 estrictamente prohibida y puede dar lugar al ejercicio de cualquier medio o acci\u00f3n legal por parte de ELS Solutions, en defensa de sus derechos.<\/p>\n<\/div><div class=\"fusion-title title fusion-title-5 fusion-sep-none fusion-title-text fusion-title-size-four\"><h4 class=\"fusion-title-heading title-heading-left fusion-responsive-typography-calculated\" style=\"margin:0;--fontSize:24;--minFontSize:24;line-height:1.42;\"><h4>5. Interrupci\u00f3n o suspensi\u00f3n del acceso<\/h4><\/h4><\/div><div class=\"fusion-text fusion-text-6\"><p>Los usuarios del sitio declaran y garantizan que no har\u00e1n un mal uso del mismo. Como ejemplos de este deber, el usuario no debe interferir en el contenido del mismo, ni debe acceder al sitio web por medios distintos a la interfaz e instrucciones proporcionadas. El uso del sitio debe orientarse \u00fanicamente en los t\u00e9rminos permitidos por la ley.<br \/>\nELS Solutions tiene derecho a interrumpir el acceso a su sitio web durante el tiempo que considere necesario (ya sea temporal o permanente), por cualquier causa t\u00e9cnica, administrativa, de fuerza mayor o de otra \u00edndole que se produzcan y no est\u00e9n aqu\u00ed contempladas.<br \/>\nELS Solutions no se hace responsable de ninguna suspensi\u00f3n o interrupci\u00f3n del acceso que se produzca por causa ajena a ella o imputable por mera negligencia.<\/p>\n<\/div><div class=\"fusion-title title fusion-title-6 fusion-sep-none fusion-title-text fusion-title-size-four\"><h4 class=\"fusion-title-heading title-heading-left fusion-responsive-typography-calculated\" style=\"margin:0;--fontSize:24;--minFontSize:24;line-height:1.42;\"><h4>6. Enlaces a sitios de terceros<\/h4><\/h4><\/div><div class=\"fusion-text fusion-text-7\"><p>El sitio web utiliza hiperv\u00ednculos y cookies para una mejor navegaci\u00f3n. Cuando el sitio hace referencia a contenidos externos -es decir, cuando el sitio remite al usuario a sitios de terceros, ajenos a ELS Solutions-, su contenido es responsabilidad exclusiva de la entidad que los pone a disposici\u00f3n.<\/p>\n<\/div><div class=\"fusion-title title fusion-title-7 fusion-sep-none fusion-title-text fusion-title-size-four\"><h4 class=\"fusion-title-heading title-heading-left fusion-responsive-typography-calculated\" style=\"margin:0;--fontSize:24;--minFontSize:24;line-height:1.42;\"><h4>7. Modificaci\u00f3n y Terminaci\u00f3n de Servicios<\/h4><\/h4><\/div><div class=\"fusion-text fusion-text-8\"><p>El contenido del sitio web puede cambiar en cualquier momento. ELS Solutions podr\u00e1 agregar contenido, as\u00ed como eliminarlo, as\u00ed como suspender o detener por completo el funcionamiento del sitio web. ELS Solutions tambi\u00e9n puede agregar o crear nuevos l\u00edmites para el acceso o uso del sitio.<\/p>\n<\/div><div class=\"fusion-title title fusion-title-8 fusion-sep-none fusion-title-text fusion-title-size-four\"><h4 class=\"fusion-title-heading title-heading-left fusion-responsive-typography-calculated\" style=\"margin:0;--fontSize:24;--minFontSize:24;line-height:1.42;\"><h4>8. Responsabilidad<\/h4><\/h4><\/div><div class=\"fusion-text fusion-text-9\"><p>ELS Solutions no se hace responsable del mal uso que se haga del contenido del sitio web. Tanto el acceso como el uso del sitio web son responsabilidad exclusiva de quien lo realiza. ELS Solutions no se hace responsable de las consecuencias, da\u00f1os o perjuicios que pudiera sufrir el usuario por su acceso o uso del sitio.<br \/>\nELS Solutions no garantiza la funcionalidad del sitio web. Sin embargo, cuando sea factible o previsible, se advertir\u00e1 a los usuarios de posibles interrupciones en la funcionalidad del sitio.<br \/>\nEl usuario es el \u00fanico responsable de las decisiones que tome en base a los contenidos del sitio web. ELS Solutions no garantiza la utilidad, exactitud y actualidad de los contenidos de su sitio web, por lo que no ser\u00e1 responsable de las consecuencias, da\u00f1os o perjuicios que pueda sufrir el usuario, por las decisiones y actuaciones que adopte en relaci\u00f3n con los contenidos de los mismos. el sitio web. .<br \/>\nELS Solutions no garantiza la ausencia de virus o cualesquiera otros elementos lesivos introducidos en el sitio web por otros usuarios o terceros, que puedan producir alteraciones o problemas de cualquier tipo en los sistemas inform\u00e1ticos (software y hardware) de los usuarios o en los documentos electr\u00f3nicos. y archivos almacenados en el sitio web.<\/p>\n<\/div><div class=\"fusion-title title fusion-title-9 fusion-sep-none fusion-title-text fusion-title-size-four\"><h4 class=\"fusion-title-heading title-heading-left fusion-responsive-typography-calculated\" style=\"margin:0;--fontSize:24;--minFontSize:24;line-height:1.42;\"><h4>9. Protecci\u00f3n de datos<\/h4><\/h4><\/div><div class=\"fusion-text fusion-text-10\"><p>Puedes consultar nuestra pol\u00edtica de privacidad aqu\u00ed.<\/p>\n<\/div><div class=\"fusion-title title fusion-title-10 fusion-sep-none fusion-title-text fusion-title-size-four\"><h4 class=\"fusion-title-heading title-heading-left fusion-responsive-typography-calculated\" style=\"margin:0;--fontSize:24;--minFontSize:24;line-height:1.42;\"><h4>10. Contacto<\/h4><\/h4><\/div><div class=\"fusion-text fusion-text-11\"><p>Para la aclaraci\u00f3n de cualquier cuesti\u00f3n relacionada con los presentes t\u00e9rminos y condiciones de uso del sitio web de ELS Solutions, el usuario deber\u00e1 ponerse en contacto con ELS SOLUTIONS GDIA &#8211; UNIPESSOAL LDA, en la siguiente direcci\u00f3n:<br \/>\n\u2022 Rua de S\u00e3o Jos\u00e9, 35 \u2013 3A, Torre B \u2013 Edificio Libersil, 1150-321, Lisboa \u2013 Portugal<br \/>\n\u2022 O al correo electr\u00f3nico: info@elssolutions.pt<\/p>\n<\/div><div class=\"fusion-title title fusion-title-11 fusion-sep-none fusion-title-text fusion-title-size-four\"><h4 class=\"fusion-title-heading title-heading-left fusion-responsive-typography-calculated\" style=\"margin:0;--fontSize:24;--minFontSize:24;line-height:1.42;\"><h4>11. Conflicto y Jurisdicci\u00f3n<\/h4><\/h4><\/div><div class=\"fusion-text fusion-text-12\"><p>En caso de conflicto entre estos t\u00e9rminos y condiciones y las modificaciones correspondientes, estas \u00faltimas prevalecer\u00e1n sobre las primeras.<br \/>\nEn caso de que cualquier t\u00e9rmino o condici\u00f3n sea considerado nulo, ineficaz o sin efecto, ello no afectar\u00e1 a la validez o eficacia de las restantes cl\u00e1usulas, que permanecer\u00e1n en vigor.<br \/>\nEn caso de incumplimiento de estos T\u00e9rminos y Condiciones por parte del usuario, y si ELS Solutions no toma acci\u00f3n inmediata en relaci\u00f3n con dicho incumplimiento, ello no implica la renuncia por parte de ELS Solutions a los derechos que le correspondan.<br \/>\nEstos T\u00e9rminos y Condiciones se rigen por la Ley portuguesa. Cualquier conflicto que se derive del acceso y uso del sitio se someter\u00e1 a los Tribunales de Distrito de Lisboa, con renuncia expresa a cualquier otro.<\/p>\n<\/div><\/div><\/div><div class=\"fusion-layout-column fusion_builder_column fusion-builder-column-2 fusion_builder_column_1_6 1_6 fusion-flex-column\" style=\"--awb-bg-size:cover;--awb-width-large:16.666666666667%;--awb-margin-top-large:20px;--awb-spacing-right-large:11.52%;--awb-margin-bottom-large:20px;--awb-spacing-left-large:11.52%;--awb-width-medium:16.666666666667%;--awb-order-medium:0;--awb-spacing-right-medium:11.52%;--awb-spacing-left-medium:11.52%;--awb-width-small:100%;--awb-order-small:0;--awb-spacing-right-small:1.92%;--awb-spacing-left-small:1.92%;\"><div class=\"fusion-column-wrapper fusion-column-has-shadow fusion-flex-justify-content-flex-start fusion-content-layout-column\"><\/div><\/div><\/div><\/div>\n","protected":false},"excerpt":{"rendered":"","protected":false},"author":9,"featured_media":0,"parent":0,"menu_order":0,"comment_status":"closed","ping_status":"closed","template":"","meta":{"footnotes":""},"class_list":["post-3740","page","type-page","status-publish","hentry"],"yoast_head":"<!-- This site is optimized with the Yoast SEO plugin v23.4 - https:\/\/yoast.com\/wordpress\/plugins\/seo\/ -->\n<title>T\u00e9rminos y condiciones - ELS Solutions<\/title>\n<meta name=\"description\" content=\"T\u00e9rminos y condiciones! Lea estos t\u00e9rminos y condiciones que rigen el uso del sitio web de ELS SOLUTIONS GDIA \u2013 UNIPESSOAL LDA. \u00a1Sabe m\u00e1s!\" \/>\n<meta name=\"robots\" content=\"index, follow, max-snippet:-1, max-image-preview:large, max-video-preview:-1\" \/>\n<link rel=\"canonical\" href=\"https:\/\/www.els-solutions.com\/es\/terminos-y-condiciones\/\" \/>\n<meta property=\"og:locale\" content=\"es_ES\" \/>\n<meta property=\"og:type\" content=\"article\" \/>\n<meta property=\"og:title\" content=\"T\u00e9rminos y condiciones - ELS Solutions\" \/>\n<meta property=\"og:description\" content=\"T\u00e9rminos y condiciones! Lea estos t\u00e9rminos y condiciones que rigen el uso del sitio web de ELS SOLUTIONS GDIA \u2013 UNIPESSOAL LDA. \u00a1Sabe m\u00e1s!\" \/>\n<meta property=\"og:url\" content=\"https:\/\/www.els-solutions.com\/es\/terminos-y-condiciones\/\" \/>\n<meta property=\"og:site_name\" content=\"ELS Group - Accelerating Innovation\" \/>\n<meta property=\"article:publisher\" content=\"https:\/\/www.facebook.com\/els.solutions\/\" \/>\n<meta property=\"article:modified_time\" content=\"2023-11-29T17:08:08+00:00\" \/>\n<meta name=\"twitter:card\" content=\"summary_large_image\" \/>\n<meta name=\"twitter:label1\" content=\"Est. reading time\" \/>\n\t<meta name=\"twitter:data1\" content=\"16 minutes\" \/>\n<script type=\"application\/ld+json\" class=\"yoast-schema-graph\">{\"@context\":\"https:\/\/schema.org\",\"@graph\":[{\"@type\":\"WebPage\",\"@id\":\"https:\/\/www.els-solutions.com\/es\/terminos-y-condiciones\/\",\"url\":\"https:\/\/www.els-solutions.com\/es\/terminos-y-condiciones\/\",\"name\":\"T\u00e9rminos y condiciones - ELS Solutions\",\"isPartOf\":{\"@id\":\"https:\/\/www.els-solutions.com\/es\/#website\"},\"datePublished\":\"2022-06-08T16:14:58+00:00\",\"dateModified\":\"2023-11-29T17:08:08+00:00\",\"description\":\"T\u00e9rminos y condiciones! Lea estos t\u00e9rminos y condiciones que rigen el uso del sitio web de ELS SOLUTIONS GDIA \u2013 UNIPESSOAL LDA. \u00a1Sabe m\u00e1s!\",\"breadcrumb\":{\"@id\":\"https:\/\/www.els-solutions.com\/es\/terminos-y-condiciones\/#breadcrumb\"},\"inLanguage\":\"es-ES\",\"potentialAction\":[{\"@type\":\"ReadAction\",\"target\":[\"https:\/\/www.els-solutions.com\/es\/terminos-y-condiciones\/\"]}]},{\"@type\":\"BreadcrumbList\",\"@id\":\"https:\/\/www.els-solutions.com\/es\/terminos-y-condiciones\/#breadcrumb\",\"itemListElement\":[{\"@type\":\"ListItem\",\"position\":1,\"name\":\"In\u00edcio\",\"item\":\"https:\/\/www.els-solutions.com\/es\/\"},{\"@type\":\"ListItem\",\"position\":2,\"name\":\"T\u00e9rminos y Condiciones\"}]},{\"@type\":\"WebSite\",\"@id\":\"https:\/\/www.els-solutions.com\/es\/#website\",\"url\":\"https:\/\/www.els-solutions.com\/es\/\",\"name\":\"ELS Group - Accelerating Innovation\",\"description\":\"Assessoria estrat\u00e9gia para a Ind\u00fastria Farmac\u00eautica\",\"publisher\":{\"@id\":\"https:\/\/www.els-solutions.com\/es\/#organization\"},\"potentialAction\":[{\"@type\":\"SearchAction\",\"target\":{\"@type\":\"EntryPoint\",\"urlTemplate\":\"https:\/\/www.els-solutions.com\/es\/?s={search_term_string}\"},\"query-input\":{\"@type\":\"PropertyValueSpecification\",\"valueRequired\":true,\"valueName\":\"search_term_string\"}}],\"inLanguage\":\"es-ES\"},{\"@type\":\"Organization\",\"@id\":\"https:\/\/www.els-solutions.com\/es\/#organization\",\"name\":\"ELS Group - Accelerating Innovation\",\"url\":\"https:\/\/www.els-solutions.com\/es\/\",\"logo\":{\"@type\":\"ImageObject\",\"inLanguage\":\"es-ES\",\"@id\":\"https:\/\/www.els-solutions.com\/es\/#\/schema\/logo\/image\/\",\"url\":\"https:\/\/www.els-solutions.com\/cms\/wp-content\/uploads\/2023\/08\/ELS-NewLogo-ColorBlack-1-e1691153715735.png\",\"contentUrl\":\"https:\/\/www.els-solutions.com\/cms\/wp-content\/uploads\/2023\/08\/ELS-NewLogo-ColorBlack-1-e1691153715735.png\",\"width\":2226,\"height\":1080,\"caption\":\"ELS Group - Accelerating Innovation\"},\"image\":{\"@id\":\"https:\/\/www.els-solutions.com\/es\/#\/schema\/logo\/image\/\"},\"sameAs\":[\"https:\/\/www.facebook.com\/els.solutions\/\"]}]}<\/script>\n<!-- \/ Yoast SEO plugin. -->","yoast_head_json":{"title":"T\u00e9rminos y condiciones - ELS Solutions","description":"T\u00e9rminos y condiciones! Lea estos t\u00e9rminos y condiciones que rigen el uso del sitio web de ELS SOLUTIONS GDIA \u2013 UNIPESSOAL LDA. \u00a1Sabe m\u00e1s!","robots":{"index":"index","follow":"follow","max-snippet":"max-snippet:-1","max-image-preview":"max-image-preview:large","max-video-preview":"max-video-preview:-1"},"canonical":"https:\/\/www.els-solutions.com\/es\/terminos-y-condiciones\/","og_locale":"es_ES","og_type":"article","og_title":"T\u00e9rminos y condiciones - ELS Solutions","og_description":"T\u00e9rminos y condiciones! Lea estos t\u00e9rminos y condiciones que rigen el uso del sitio web de ELS SOLUTIONS GDIA \u2013 UNIPESSOAL LDA. \u00a1Sabe m\u00e1s!","og_url":"https:\/\/www.els-solutions.com\/es\/terminos-y-condiciones\/","og_site_name":"ELS Group - Accelerating Innovation","article_publisher":"https:\/\/www.facebook.com\/els.solutions\/","article_modified_time":"2023-11-29T17:08:08+00:00","twitter_card":"summary_large_image","twitter_misc":{"Est. reading time":"16 minutes"},"schema":{"@context":"https:\/\/schema.org","@graph":[{"@type":"WebPage","@id":"https:\/\/www.els-solutions.com\/es\/terminos-y-condiciones\/","url":"https:\/\/www.els-solutions.com\/es\/terminos-y-condiciones\/","name":"T\u00e9rminos y condiciones - ELS Solutions","isPartOf":{"@id":"https:\/\/www.els-solutions.com\/es\/#website"},"datePublished":"2022-06-08T16:14:58+00:00","dateModified":"2023-11-29T17:08:08+00:00","description":"T\u00e9rminos y condiciones! Lea estos t\u00e9rminos y condiciones que rigen el uso del sitio web de ELS SOLUTIONS GDIA \u2013 UNIPESSOAL LDA. \u00a1Sabe m\u00e1s!","breadcrumb":{"@id":"https:\/\/www.els-solutions.com\/es\/terminos-y-condiciones\/#breadcrumb"},"inLanguage":"es-ES","potentialAction":[{"@type":"ReadAction","target":["https:\/\/www.els-solutions.com\/es\/terminos-y-condiciones\/"]}]},{"@type":"BreadcrumbList","@id":"https:\/\/www.els-solutions.com\/es\/terminos-y-condiciones\/#breadcrumb","itemListElement":[{"@type":"ListItem","position":1,"name":"In\u00edcio","item":"https:\/\/www.els-solutions.com\/es\/"},{"@type":"ListItem","position":2,"name":"T\u00e9rminos y Condiciones"}]},{"@type":"WebSite","@id":"https:\/\/www.els-solutions.com\/es\/#website","url":"https:\/\/www.els-solutions.com\/es\/","name":"ELS Group - Accelerating Innovation","description":"Assessoria estrat\u00e9gia para a Ind\u00fastria Farmac\u00eautica","publisher":{"@id":"https:\/\/www.els-solutions.com\/es\/#organization"},"potentialAction":[{"@type":"SearchAction","target":{"@type":"EntryPoint","urlTemplate":"https:\/\/www.els-solutions.com\/es\/?s={search_term_string}"},"query-input":{"@type":"PropertyValueSpecification","valueRequired":true,"valueName":"search_term_string"}}],"inLanguage":"es-ES"},{"@type":"Organization","@id":"https:\/\/www.els-solutions.com\/es\/#organization","name":"ELS Group - Accelerating Innovation","url":"https:\/\/www.els-solutions.com\/es\/","logo":{"@type":"ImageObject","inLanguage":"es-ES","@id":"https:\/\/www.els-solutions.com\/es\/#\/schema\/logo\/image\/","url":"https:\/\/www.els-solutions.com\/cms\/wp-content\/uploads\/2023\/08\/ELS-NewLogo-ColorBlack-1-e1691153715735.png","contentUrl":"https:\/\/www.els-solutions.com\/cms\/wp-content\/uploads\/2023\/08\/ELS-NewLogo-ColorBlack-1-e1691153715735.png","width":2226,"height":1080,"caption":"ELS Group - Accelerating Innovation"},"image":{"@id":"https:\/\/www.els-solutions.com\/es\/#\/schema\/logo\/image\/"},"sameAs":["https:\/\/www.facebook.com\/els.solutions\/"]}]}},"_links":{"self":[{"href":"https:\/\/www.els-solutions.com\/es\/wp-json\/wp\/v2\/pages\/3740"}],"collection":[{"href":"https:\/\/www.els-solutions.com\/es\/wp-json\/wp\/v2\/pages"}],"about":[{"href":"https:\/\/www.els-solutions.com\/es\/wp-json\/wp\/v2\/types\/page"}],"author":[{"embeddable":true,"href":"https:\/\/www.els-solutions.com\/es\/wp-json\/wp\/v2\/users\/9"}],"replies":[{"embeddable":true,"href":"https:\/\/www.els-solutions.com\/es\/wp-json\/wp\/v2\/comments?post=3740"}],"version-history":[{"count":1,"href":"https:\/\/www.els-solutions.com\/es\/wp-json\/wp\/v2\/pages\/3740\/revisions"}],"predecessor-version":[{"id":5986,"href":"https:\/\/www.els-solutions.com\/es\/wp-json\/wp\/v2\/pages\/3740\/revisions\/5986"}],"wp:attachment":[{"href":"https:\/\/www.els-solutions.com\/es\/wp-json\/wp\/v2\/media?parent=3740"}],"curies":[{"name":"wp","href":"https:\/\/api.w.org\/{rel}","templated":true}]}}