{"id":4919,"date":"2023-05-22T13:03:53","date_gmt":"2023-05-22T12:03:53","guid":{"rendered":"https:\/\/els-solutions.com\/cms\/dev\/?page_id=4919"},"modified":"2023-06-27T15:53:51","modified_gmt":"2023-06-27T14:53:51","slug":"thanks","status":"publish","type":"page","link":"https:\/\/els-solutions.com\/en\/thanks\/","title":{"rendered":"Thank You!"},"content":{"rendered":"<p><\/p>\n<p style=\"text-align: center;\">Your contact is extremely important to us, and we appreciate you taking the time to get in touch. While we work on responding to your inquiry, we invite you to explore our website to learn more details about our services and what we offer. We believe it will provide valuable information that can give you a deeper understanding of our expertise.<\/p>\n<p>[fusion_content_boxes layout=&#8221;icon-on-top&#8221; columns=&#8221;3&#8243; icon_align=&#8221;left&#8221; animation_direction=&#8221;left&#8221; animation_speed=&#8221;1.0&#8243; animation_delay=&#8221;500&#8243; hide_on_mobile=&#8221;small-visibility,medium-visibility,large-visibility&#8221; heading_size=&#8221;2&#8243; iconspin=&#8221;no&#8221; icon_size=&#8221;24&#8243; margin_top=&#8221;30px&#8221; margin_bottom=&#8221;0px&#8221;][fusion_content_box title=&#8221;Europe Headquarters&#8221; icon=&#8221;fusion-prefix-icon-accountant-map&#8221; linktext=&#8221;Read More&#8221; animation_direction=&#8221;left&#8221; animation_speed=&#8221;0.3&#8243;]<\/p>\n<p>Ciprestes Street n\u00ba 48, 2nd floor<br \/>\nOffice Building in Estoril<br \/>\n<span style=\"color: var(--awb-color8); background-color: rgba(255, 255, 255, 0); font-family: var(--body_typography-font-family); font-size: var(--body_typography-font-size); font-style: var(--body_typography-font-style,normal); font-weight: var(--body_typography-font-weight); letter-spacing: var(--body_typography-letter-spacing);\">2765-623 Estoril<br \/>\n<\/span><span style=\"color: var(--awb-color8); background-color: rgba(255, 255, 255, 0); font-family: var(--body_typography-font-family); font-size: var(--body_typography-font-size); font-style: var(--body_typography-font-style,normal); font-weight: var(--body_typography-font-weight); letter-spacing: var(--body_typography-letter-spacing);\">Portugal<\/span><\/p>\n<p>[\/fusion_content_box][fusion_content_box title=&#8221;LATAM Headquarters&#8221; icon=&#8221;fusion-prefix-icon-accountant-map&#8221; linktext=&#8221;Read More&#8221; animation_direction=&#8221;left&#8221; animation_speed=&#8221;0.3&#8243;]<\/p>\n<p>Alameda Santos, 2441<br \/>\nConjunto 62<br \/>\nPostal code 01419-101 Sao Paulo<br \/>\nBrazil<\/p>\n<p>[\/fusion_content_box][fusion_content_box title=&#8221;Contact&#8221; icon=&#8221;fusion-prefix-icon-accountant-mail&#8221; linktext=&#8221;Read More&#8221; animation_direction=&#8221;left&#8221; animation_speed=&#8221;0.3&#8243;]<\/p>\n<p>Phone:<\/p>\n<p>+351 21 452 50 38<\/p>\n<p>+55 11 99279 2618<\/p>\n<p>Email: info@elssolutions.pt<\/p>\n<p>[\/fusion_content_box][\/fusion_content_boxes]<\/p>\n","protected":false},"excerpt":{"rendered":"","protected":false},"author":9,"featured_media":0,"parent":0,"menu_order":0,"comment_status":"closed","ping_status":"closed","template":"100-width.php","meta":{"footnotes":""},"class_list":["post-4919","page","type-page","status-publish","hentry"],"yoast_head":"<!-- This site is optimized with the Yoast SEO plugin v23.4 - https:\/\/yoast.com\/wordpress\/plugins\/seo\/ -->\n<title>ELS Solutions - Thank you for your contact<\/title>\n<meta name=\"description\" content=\"Thank you for contacting ELS Solutions. We value your interest in our services and will make sure to get back to you as soon as possible.\" \/>\n<meta name=\"robots\" content=\"noindex, follow, max-snippet:-1, max-image-preview:large, max-video-preview:-1\" \/>\n<meta property=\"og:locale\" content=\"en_US\" \/>\n<meta property=\"og:type\" content=\"article\" \/>\n<meta property=\"og:title\" content=\"ELS Solutions - Thank you for your contact\" \/>\n<meta property=\"og:description\" content=\"Thank you for contacting ELS Solutions. We value your interest in our services and will make sure to get back to you as soon as possible.\" \/>\n<meta property=\"og:url\" content=\"https:\/\/els-solutions.com\/en\/thanks\/\" \/>\n<meta property=\"og:site_name\" content=\"ELS Group - Accelerating Innovation\" \/>\n<meta property=\"article:publisher\" content=\"https:\/\/www.facebook.com\/els.solutions\/\" \/>\n<meta property=\"article:modified_time\" content=\"2023-06-27T14:53:51+00:00\" \/>\n<meta name=\"twitter:card\" content=\"summary_large_image\" \/>\n<meta name=\"twitter:label1\" content=\"Est. reading time\" \/>\n\t<meta name=\"twitter:data1\" content=\"3 minutes\" \/>\n<script type=\"application\/ld+json\" class=\"yoast-schema-graph\">{\"@context\":\"https:\/\/schema.org\",\"@graph\":[{\"@type\":\"WebPage\",\"@id\":\"https:\/\/els-solutions.com\/en\/thanks\/\",\"url\":\"https:\/\/els-solutions.com\/en\/thanks\/\",\"name\":\"ELS Solutions - Thank you for your contact\",\"isPartOf\":{\"@id\":\"https:\/\/els-solutions.com\/en\/#website\"},\"datePublished\":\"2023-05-22T12:03:53+00:00\",\"dateModified\":\"2023-06-27T14:53:51+00:00\",\"description\":\"Thank you for contacting ELS Solutions. We value your interest in our services and will make sure to get back to you as soon as possible.\",\"breadcrumb\":{\"@id\":\"https:\/\/els-solutions.com\/en\/thanks\/#breadcrumb\"},\"inLanguage\":\"en-US\",\"potentialAction\":[{\"@type\":\"ReadAction\",\"target\":[\"https:\/\/els-solutions.com\/en\/thanks\/\"]}]},{\"@type\":\"BreadcrumbList\",\"@id\":\"https:\/\/els-solutions.com\/en\/thanks\/#breadcrumb\",\"itemListElement\":[{\"@type\":\"ListItem\",\"position\":1,\"name\":\"In\u00edcio\",\"item\":\"https:\/\/els-solutions.com\/en\/\"},{\"@type\":\"ListItem\",\"position\":2,\"name\":\"Thank You!\"}]},{\"@type\":\"WebSite\",\"@id\":\"https:\/\/els-solutions.com\/en\/#website\",\"url\":\"https:\/\/els-solutions.com\/en\/\",\"name\":\"ELS Group - Accelerating Innovation\",\"description\":\"Assessoria estrat\u00e9gia para a Ind\u00fastria Farmac\u00eautica\",\"publisher\":{\"@id\":\"https:\/\/els-solutions.com\/en\/#organization\"},\"potentialAction\":[{\"@type\":\"SearchAction\",\"target\":{\"@type\":\"EntryPoint\",\"urlTemplate\":\"https:\/\/els-solutions.com\/en\/?s={search_term_string}\"},\"query-input\":{\"@type\":\"PropertyValueSpecification\",\"valueRequired\":true,\"valueName\":\"search_term_string\"}}],\"inLanguage\":\"en-US\"},{\"@type\":\"Organization\",\"@id\":\"https:\/\/els-solutions.com\/en\/#organization\",\"name\":\"ELS Group - Accelerating Innovation\",\"url\":\"https:\/\/els-solutions.com\/en\/\",\"logo\":{\"@type\":\"ImageObject\",\"inLanguage\":\"en-US\",\"@id\":\"https:\/\/els-solutions.com\/en\/#\/schema\/logo\/image\/\",\"url\":\"https:\/\/els-solutions.com\/cms\/wp-content\/uploads\/2023\/08\/ELS-NewLogo-ColorBlack-1-e1691153715735.png\",\"contentUrl\":\"https:\/\/els-solutions.com\/cms\/wp-content\/uploads\/2023\/08\/ELS-NewLogo-ColorBlack-1-e1691153715735.png\",\"width\":2226,\"height\":1080,\"caption\":\"ELS Group - Accelerating Innovation\"},\"image\":{\"@id\":\"https:\/\/els-solutions.com\/en\/#\/schema\/logo\/image\/\"},\"sameAs\":[\"https:\/\/www.facebook.com\/els.solutions\/\"]}]}<\/script>\n<!-- \/ Yoast SEO plugin. -->","yoast_head_json":{"title":"ELS Solutions - Thank you for your contact","description":"Thank you for contacting ELS Solutions. We value your interest in our services and will make sure to get back to you as soon as possible.","robots":{"index":"noindex","follow":"follow","max-snippet":"max-snippet:-1","max-image-preview":"max-image-preview:large","max-video-preview":"max-video-preview:-1"},"og_locale":"en_US","og_type":"article","og_title":"ELS Solutions - Thank you for your contact","og_description":"Thank you for contacting ELS Solutions. We value your interest in our services and will make sure to get back to you as soon as possible.","og_url":"https:\/\/els-solutions.com\/en\/thanks\/","og_site_name":"ELS Group - Accelerating Innovation","article_publisher":"https:\/\/www.facebook.com\/els.solutions\/","article_modified_time":"2023-06-27T14:53:51+00:00","twitter_card":"summary_large_image","twitter_misc":{"Est. reading time":"3 minutes"},"schema":{"@context":"https:\/\/schema.org","@graph":[{"@type":"WebPage","@id":"https:\/\/els-solutions.com\/en\/thanks\/","url":"https:\/\/els-solutions.com\/en\/thanks\/","name":"ELS Solutions - Thank you for your contact","isPartOf":{"@id":"https:\/\/els-solutions.com\/en\/#website"},"datePublished":"2023-05-22T12:03:53+00:00","dateModified":"2023-06-27T14:53:51+00:00","description":"Thank you for contacting ELS Solutions. We value your interest in our services and will make sure to get back to you as soon as possible.","breadcrumb":{"@id":"https:\/\/els-solutions.com\/en\/thanks\/#breadcrumb"},"inLanguage":"en-US","potentialAction":[{"@type":"ReadAction","target":["https:\/\/els-solutions.com\/en\/thanks\/"]}]},{"@type":"BreadcrumbList","@id":"https:\/\/els-solutions.com\/en\/thanks\/#breadcrumb","itemListElement":[{"@type":"ListItem","position":1,"name":"In\u00edcio","item":"https:\/\/els-solutions.com\/en\/"},{"@type":"ListItem","position":2,"name":"Thank You!"}]},{"@type":"WebSite","@id":"https:\/\/els-solutions.com\/en\/#website","url":"https:\/\/els-solutions.com\/en\/","name":"ELS Group - Accelerating Innovation","description":"Assessoria estrat\u00e9gia para a Ind\u00fastria Farmac\u00eautica","publisher":{"@id":"https:\/\/els-solutions.com\/en\/#organization"},"potentialAction":[{"@type":"SearchAction","target":{"@type":"EntryPoint","urlTemplate":"https:\/\/els-solutions.com\/en\/?s={search_term_string}"},"query-input":{"@type":"PropertyValueSpecification","valueRequired":true,"valueName":"search_term_string"}}],"inLanguage":"en-US"},{"@type":"Organization","@id":"https:\/\/els-solutions.com\/en\/#organization","name":"ELS Group - Accelerating Innovation","url":"https:\/\/els-solutions.com\/en\/","logo":{"@type":"ImageObject","inLanguage":"en-US","@id":"https:\/\/els-solutions.com\/en\/#\/schema\/logo\/image\/","url":"https:\/\/els-solutions.com\/cms\/wp-content\/uploads\/2023\/08\/ELS-NewLogo-ColorBlack-1-e1691153715735.png","contentUrl":"https:\/\/els-solutions.com\/cms\/wp-content\/uploads\/2023\/08\/ELS-NewLogo-ColorBlack-1-e1691153715735.png","width":2226,"height":1080,"caption":"ELS Group - Accelerating Innovation"},"image":{"@id":"https:\/\/els-solutions.com\/en\/#\/schema\/logo\/image\/"},"sameAs":["https:\/\/www.facebook.com\/els.solutions\/"]}]}},"_links":{"self":[{"href":"https:\/\/els-solutions.com\/en\/wp-json\/wp\/v2\/pages\/4919","targetHints":{"allow":["GET"]}}],"collection":[{"href":"https:\/\/els-solutions.com\/en\/wp-json\/wp\/v2\/pages"}],"about":[{"href":"https:\/\/els-solutions.com\/en\/wp-json\/wp\/v2\/types\/page"}],"author":[{"embeddable":true,"href":"https:\/\/els-solutions.com\/en\/wp-json\/wp\/v2\/users\/9"}],"replies":[{"embeddable":true,"href":"https:\/\/els-solutions.com\/en\/wp-json\/wp\/v2\/comments?post=4919"}],"version-history":[{"count":0,"href":"https:\/\/els-solutions.com\/en\/wp-json\/wp\/v2\/pages\/4919\/revisions"}],"wp:attachment":[{"href":"https:\/\/els-solutions.com\/en\/wp-json\/wp\/v2\/media?parent=4919"}],"curies":[{"name":"wp","href":"https:\/\/api.w.org\/{rel}","templated":true}]}}